{"id":156,"date":"2022-03-30T23:52:38","date_gmt":"2022-03-30T23:52:38","guid":{"rendered":"https:\/\/www.sigmacrom.com.br\/site\/?page_id=156"},"modified":"2022-03-31T03:01:31","modified_gmt":"2022-03-31T03:01:31","slug":"injecao","status":"publish","type":"page","link":"https:\/\/www.sigmacrom.com.br\/site\/injecao\/","title":{"rendered":"Inje\u00e7\u00e3o"},"content":{"rendered":"\t\t<div data-elementor-type=\"wp-page\" data-elementor-id=\"156\" class=\"elementor elementor-156\">\n\t\t\t\t\t\t\t\t\t<section class=\"elementor-section elementor-top-section elementor-element elementor-element-7744625 elementor-section-boxed elementor-section-height-default elementor-section-height-default\" data-id=\"7744625\" data-element_type=\"section\" data-settings=\"{&quot;background_background&quot;:&quot;gradient&quot;}\">\n\t\t\t\t\t\t<div class=\"elementor-container elementor-column-gap-default\">\n\t\t\t\t\t<div class=\"elementor-column elementor-col-100 elementor-top-column elementor-element elementor-element-d8fb27a\" data-id=\"d8fb27a\" data-element_type=\"column\">\n\t\t\t<div class=\"elementor-widget-wrap elementor-element-populated\">\n\t\t\t\t\t\t\t\t<section class=\"elementor-section elementor-inner-section elementor-element elementor-element-4c40bbc elementor-section-boxed elementor-section-height-default elementor-section-height-default\" data-id=\"4c40bbc\" data-element_type=\"section\">\n\t\t\t\t\t\t<div class=\"elementor-container elementor-column-gap-default\">\n\t\t\t\t\t<div class=\"elementor-column elementor-col-50 elementor-inner-column elementor-element elementor-element-b0c2c44\" data-id=\"b0c2c44\" data-element_type=\"column\">\n\t\t\t<div class=\"elementor-widget-wrap elementor-element-populated\">\n\t\t\t\t\t\t\t\t<div class=\"elementor-element elementor-element-d4705a5 elementor-widget elementor-widget-image\" data-id=\"d4705a5\" data-element_type=\"widget\" data-widget_type=\"image.default\">\n\t\t\t\t<div class=\"elementor-widget-container\">\n\t\t\t<style>\/*! elementor - v3.6.1 - 23-03-2022 *\/\n.elementor-widget-image{text-align:center}.elementor-widget-image a{display:inline-block}.elementor-widget-image a img[src$=\".svg\"]{width:48px}.elementor-widget-image img{vertical-align:middle;display:inline-block}<\/style>\t\t\t\t\t\t\t\t\t\t\t\t<img width=\"151\" height=\"59\" src=\"https:\/\/www.sigmacrom.com.br\/site\/wp-content\/uploads\/2022\/03\/injecao_tit.png\" class=\"attachment-large size-large\" alt=\"\" loading=\"lazy\" \/>\t\t\t\t\t\t\t\t\t\t\t\t\t\t\t<\/div>\n\t\t\t\t<\/div>\n\t\t\t\t<div class=\"elementor-element elementor-element-bf6af3b elementor-widget elementor-widget-text-editor\" data-id=\"bf6af3b\" data-element_type=\"widget\" data-widget_type=\"text-editor.default\">\n\t\t\t\t<div class=\"elementor-widget-container\">\n\t\t\t<style>\/*! elementor - v3.6.1 - 23-03-2022 *\/\n.elementor-widget-text-editor.elementor-drop-cap-view-stacked .elementor-drop-cap{background-color:#818a91;color:#fff}.elementor-widget-text-editor.elementor-drop-cap-view-framed .elementor-drop-cap{color:#818a91;border:3px solid;background-color:transparent}.elementor-widget-text-editor:not(.elementor-drop-cap-view-default) .elementor-drop-cap{margin-top:8px}.elementor-widget-text-editor:not(.elementor-drop-cap-view-default) .elementor-drop-cap-letter{width:1em;height:1em}.elementor-widget-text-editor .elementor-drop-cap{float:left;text-align:center;line-height:1;font-size:50px}.elementor-widget-text-editor .elementor-drop-cap-letter{display:inline-block}<\/style>\t\t\t\t<p>A Sigmacrom presta servi\u00e7os de inje\u00e7\u00e3o em termopl\u00e1sticos com qualidade e precis\u00e3o. Com parque fabril de 4.200m2, possu\u00edmos modernos equipamentos, profissionais capacitados e mat\u00e9rias-primas de qualidade e com custo desejado. Visando os mercados cada vez mais exigente, possu\u00edmos certifica\u00e7\u00e3o NBR ISO 9001.<\/p><p><strong>Injetoras:<\/strong><\/p><p>ROMI 80 Ton<br \/>ROMI 130 Ton<br \/>ROMI 220 Ton<br \/><br \/><br \/><\/p><p><strong>C\u00e9lulas de Inje\u00e7\u00e3o:<\/strong><\/p><p>Equipadas com alimenta\u00e7\u00e3o autom\u00e1tica, desumidificadores, aquecedor de moldes e equipe t\u00e9cnica especializada em Try-out. Nosso intuito \u00e9 proporcionar aos nossos clientes flexibilidade e agilidade em seu projeto. Possu\u00edmos grandes marcas em nosso portf\u00f3lio de clientes, confirmando nossa qualidade e compromisso com o mercado onde atuamos.<\/p>\t\t\t\t\t\t<\/div>\n\t\t\t\t<\/div>\n\t\t\t\t\t<\/div>\n\t\t<\/div>\n\t\t\t\t<div class=\"elementor-column elementor-col-50 elementor-inner-column elementor-element elementor-element-d289d77\" data-id=\"d289d77\" data-element_type=\"column\">\n\t\t\t<div class=\"elementor-widget-wrap elementor-element-populated\">\n\t\t\t\t\t\t\t\t<div class=\"elementor-element elementor-element-90ba412 elementor-widget elementor-widget-image-gallery\" data-id=\"90ba412\" data-element_type=\"widget\" data-widget_type=\"image-gallery.default\">\n\t\t\t\t<div class=\"elementor-widget-container\">\n\t\t\t<style>\/*! elementor - v3.6.1 - 23-03-2022 *\/\n.elementor-image-gallery .gallery-item{display:inline-block;text-align:center;vertical-align:top;width:100%;max-width:100%;margin:0 auto}.elementor-image-gallery .gallery-item img{margin:0 auto}.elementor-image-gallery .gallery-item .gallery-caption{margin:0}.elementor-image-gallery figure img{display:block}.elementor-image-gallery figure figcaption{width:100%}.gallery-spacing-custom .elementor-image-gallery .gallery-icon{padding:0}@media (min-width:768px){.elementor-image-gallery .gallery-columns-2 .gallery-item{max-width:50%}.elementor-image-gallery .gallery-columns-3 .gallery-item{max-width:33.33%}.elementor-image-gallery .gallery-columns-4 .gallery-item{max-width:25%}.elementor-image-gallery .gallery-columns-5 .gallery-item{max-width:20%}.elementor-image-gallery .gallery-columns-6 .gallery-item{max-width:16.666%}.elementor-image-gallery .gallery-columns-7 .gallery-item{max-width:14.28%}.elementor-image-gallery .gallery-columns-8 .gallery-item{max-width:12.5%}.elementor-image-gallery .gallery-columns-9 .gallery-item{max-width:11.11%}.elementor-image-gallery .gallery-columns-10 .gallery-item{max-width:10%}}@media (min-width:480px) and (max-width:767px){.elementor-image-gallery .gallery.gallery-columns-2 .gallery-item,.elementor-image-gallery .gallery.gallery-columns-3 .gallery-item,.elementor-image-gallery .gallery.gallery-columns-4 .gallery-item,.elementor-image-gallery .gallery.gallery-columns-5 .gallery-item,.elementor-image-gallery .gallery.gallery-columns-6 .gallery-item,.elementor-image-gallery .gallery.gallery-columns-7 .gallery-item,.elementor-image-gallery .gallery.gallery-columns-8 .gallery-item,.elementor-image-gallery .gallery.gallery-columns-9 .gallery-item,.elementor-image-gallery .gallery.gallery-columns-10 .gallery-item{max-width:50%}}@media (max-width:479px){.elementor-image-gallery .gallery.gallery-columns-2 .gallery-item,.elementor-image-gallery .gallery.gallery-columns-3 .gallery-item,.elementor-image-gallery .gallery.gallery-columns-4 .gallery-item,.elementor-image-gallery .gallery.gallery-columns-5 .gallery-item,.elementor-image-gallery .gallery.gallery-columns-6 .gallery-item,.elementor-image-gallery .gallery.gallery-columns-7 .gallery-item,.elementor-image-gallery .gallery.gallery-columns-8 .gallery-item,.elementor-image-gallery .gallery.gallery-columns-9 .gallery-item,.elementor-image-gallery .gallery.gallery-columns-10 .gallery-item{max-width:100%}}<\/style>\t\t<div class=\"elementor-image-gallery\">\n\t\t\t<div id='gallery-1' class='gallery galleryid-156 gallery-columns-2 gallery-size-large'><figure class='gallery-item'>\n\t\t\t<div class='gallery-icon landscape'>\n\t\t\t\t<a data-elementor-open-lightbox=\"yes\" data-elementor-lightbox-slideshow=\"90ba412\" data-elementor-lightbox-title=\"maquina_injecao_sigmacrom1\" e-action-hash=\"#elementor-action%3Aaction%3Dlightbox%26settings%3DeyJpZCI6MTc2LCJ1cmwiOiJodHRwczpcL1wvd3d3LnNpZ21hY3JvbS5jb20uYnJcL3NpdGVcL3dwLWNvbnRlbnRcL3VwbG9hZHNcLzIwMjJcLzAzXC9tYXF1aW5hX2luamVjYW9fc2lnbWFjcm9tMS5qcGciLCJzbGlkZXNob3ciOiI5MGJhNDEyIn0%3D\" href='https:\/\/www.sigmacrom.com.br\/site\/wp-content\/uploads\/2022\/03\/maquina_injecao_sigmacrom1.jpg'><img width=\"747\" height=\"559\" src=\"https:\/\/www.sigmacrom.com.br\/site\/wp-content\/uploads\/2022\/03\/maquina_injecao_sigmacrom1.jpg\" class=\"attachment-large size-large\" alt=\"\" loading=\"lazy\" srcset=\"https:\/\/www.sigmacrom.com.br\/site\/wp-content\/uploads\/2022\/03\/maquina_injecao_sigmacrom1.jpg 747w, https:\/\/www.sigmacrom.com.br\/site\/wp-content\/uploads\/2022\/03\/maquina_injecao_sigmacrom1-300x224.jpg 300w\" sizes=\"(max-width: 747px) 100vw, 747px\" \/><\/a>\n\t\t\t<\/div><\/figure><figure class='gallery-item'>\n\t\t\t<div class='gallery-icon landscape'>\n\t\t\t\t<a data-elementor-open-lightbox=\"yes\" data-elementor-lightbox-slideshow=\"90ba412\" data-elementor-lightbox-title=\"peca_injecao_sigmacrom1\" e-action-hash=\"#elementor-action%3Aaction%3Dlightbox%26settings%3DeyJpZCI6MTc3LCJ1cmwiOiJodHRwczpcL1wvd3d3LnNpZ21hY3JvbS5jb20uYnJcL3NpdGVcL3dwLWNvbnRlbnRcL3VwbG9hZHNcLzIwMjJcLzAzXC9wZWNhX2luamVjYW9fc2lnbWFjcm9tMS5qcGciLCJzbGlkZXNob3ciOiI5MGJhNDEyIn0%3D\" href='https:\/\/www.sigmacrom.com.br\/site\/wp-content\/uploads\/2022\/03\/peca_injecao_sigmacrom1.jpg'><img width=\"748\" height=\"561\" src=\"https:\/\/www.sigmacrom.com.br\/site\/wp-content\/uploads\/2022\/03\/peca_injecao_sigmacrom1.jpg\" class=\"attachment-large size-large\" alt=\"\" loading=\"lazy\" srcset=\"https:\/\/www.sigmacrom.com.br\/site\/wp-content\/uploads\/2022\/03\/peca_injecao_sigmacrom1.jpg 748w, https:\/\/www.sigmacrom.com.br\/site\/wp-content\/uploads\/2022\/03\/peca_injecao_sigmacrom1-300x225.jpg 300w\" sizes=\"(max-width: 748px) 100vw, 748px\" \/><\/a>\n\t\t\t<\/div><\/figure><figure class='gallery-item'>\n\t\t\t<div class='gallery-icon landscape'>\n\t\t\t\t<a data-elementor-open-lightbox=\"yes\" data-elementor-lightbox-slideshow=\"90ba412\" data-elementor-lightbox-title=\"peca_injecao_sigmacrom2\" e-action-hash=\"#elementor-action%3Aaction%3Dlightbox%26settings%3DeyJpZCI6MTc4LCJ1cmwiOiJodHRwczpcL1wvd3d3LnNpZ21hY3JvbS5jb20uYnJcL3NpdGVcL3dwLWNvbnRlbnRcL3VwbG9hZHNcLzIwMjJcLzAzXC9wZWNhX2luamVjYW9fc2lnbWFjcm9tMi5qcGciLCJzbGlkZXNob3ciOiI5MGJhNDEyIn0%3D\" href='https:\/\/www.sigmacrom.com.br\/site\/wp-content\/uploads\/2022\/03\/peca_injecao_sigmacrom2.jpg'><img width=\"748\" height=\"561\" src=\"https:\/\/www.sigmacrom.com.br\/site\/wp-content\/uploads\/2022\/03\/peca_injecao_sigmacrom2.jpg\" class=\"attachment-large size-large\" alt=\"\" loading=\"lazy\" srcset=\"https:\/\/www.sigmacrom.com.br\/site\/wp-content\/uploads\/2022\/03\/peca_injecao_sigmacrom2.jpg 748w, https:\/\/www.sigmacrom.com.br\/site\/wp-content\/uploads\/2022\/03\/peca_injecao_sigmacrom2-300x225.jpg 300w\" sizes=\"(max-width: 748px) 100vw, 748px\" \/><\/a>\n\t\t\t<\/div><\/figure><figure class='gallery-item'>\n\t\t\t<div class='gallery-icon landscape'>\n\t\t\t\t<a data-elementor-open-lightbox=\"yes\" data-elementor-lightbox-slideshow=\"90ba412\" data-elementor-lightbox-title=\"peca_injecao_sigmacrom3\" e-action-hash=\"#elementor-action%3Aaction%3Dlightbox%26settings%3DeyJpZCI6MTc5LCJ1cmwiOiJodHRwczpcL1wvd3d3LnNpZ21hY3JvbS5jb20uYnJcL3NpdGVcL3dwLWNvbnRlbnRcL3VwbG9hZHNcLzIwMjJcLzAzXC9wZWNhX2luamVjYW9fc2lnbWFjcm9tMy5qcGciLCJzbGlkZXNob3ciOiI5MGJhNDEyIn0%3D\" href='https:\/\/www.sigmacrom.com.br\/site\/wp-content\/uploads\/2022\/03\/peca_injecao_sigmacrom3.jpg'><img width=\"747\" height=\"561\" src=\"https:\/\/www.sigmacrom.com.br\/site\/wp-content\/uploads\/2022\/03\/peca_injecao_sigmacrom3.jpg\" class=\"attachment-large size-large\" alt=\"\" loading=\"lazy\" srcset=\"https:\/\/www.sigmacrom.com.br\/site\/wp-content\/uploads\/2022\/03\/peca_injecao_sigmacrom3.jpg 747w, https:\/\/www.sigmacrom.com.br\/site\/wp-content\/uploads\/2022\/03\/peca_injecao_sigmacrom3-300x225.jpg 300w\" sizes=\"(max-width: 747px) 100vw, 747px\" \/><\/a>\n\t\t\t<\/div><\/figure>\n\t\t<\/div>\n\t\t<\/div>\n\t\t\t\t<\/div>\n\t\t\t\t<\/div>\n\t\t\t\t\t<\/div>\n\t\t<\/div>\n\t\t\t\t\t\t\t<\/div>\n\t\t<\/section>\n\t\t\t\t\t<\/div>\n\t\t<\/div>\n\t\t\t\t\t\t\t<\/div>\n\t\t<\/section>\n\t\t\t\t\t\t\t<\/div>\n\t\t","protected":false},"excerpt":{"rendered":"<p>A Sigmacrom presta servi\u00e7os de inje\u00e7\u00e3o em termopl\u00e1sticos com qualidade e precis\u00e3o. Com parque fabril de 4.200m2, possu\u00edmos modernos equipamentos, profissionais capacitados e mat\u00e9rias-primas de qualidade e com custo desejado. Visando os mercados cada vez mais exigente, possu\u00edmos certifica\u00e7\u00e3o NBR ISO 9001. Injetoras: ROMI 80 TonROMI 130 TonROMI 220 Ton C\u00e9lulas de Inje\u00e7\u00e3o: Equipadas com [&hellip;]<\/p>\n","protected":false},"author":1,"featured_media":0,"parent":0,"menu_order":0,"comment_status":"closed","ping_status":"closed","template":"elementor_header_footer","meta":[],"_links":{"self":[{"href":"https:\/\/www.sigmacrom.com.br\/site\/wp-json\/wp\/v2\/pages\/156"}],"collection":[{"href":"https:\/\/www.sigmacrom.com.br\/site\/wp-json\/wp\/v2\/pages"}],"about":[{"href":"https:\/\/www.sigmacrom.com.br\/site\/wp-json\/wp\/v2\/types\/page"}],"author":[{"embeddable":true,"href":"https:\/\/www.sigmacrom.com.br\/site\/wp-json\/wp\/v2\/users\/1"}],"replies":[{"embeddable":true,"href":"https:\/\/www.sigmacrom.com.br\/site\/wp-json\/wp\/v2\/comments?post=156"}],"version-history":[{"count":22,"href":"https:\/\/www.sigmacrom.com.br\/site\/wp-json\/wp\/v2\/pages\/156\/revisions"}],"predecessor-version":[{"id":370,"href":"https:\/\/www.sigmacrom.com.br\/site\/wp-json\/wp\/v2\/pages\/156\/revisions\/370"}],"wp:attachment":[{"href":"https:\/\/www.sigmacrom.com.br\/site\/wp-json\/wp\/v2\/media?parent=156"}],"curies":[{"name":"wp","href":"https:\/\/api.w.org\/{rel}","templated":true}]}}